{"id":86,"date":"2021-03-28T17:52:27","date_gmt":"2021-03-28T15:52:27","guid":{"rendered":"https:\/\/www.claudioolivieri.com\/?page_id=86"},"modified":"2024-10-21T19:16:55","modified_gmt":"2024-10-21T17:16:55","slug":"come-archiviare","status":"publish","type":"page","link":"https:\/\/www.claudioolivieri.com\/claudioolivieri.com\/wrdp\/come-archiviare\/","title":{"rendered":"Come archiviare"},"content":{"rendered":"\n<div class=\"wp-block-columns is-layout-flex wp-container-core-columns-is-layout-9d6595d7 wp-block-columns-is-layout-flex\">\n<div class=\"wp-block-column is-layout-flow wp-block-column-is-layout-flow\" style=\"flex-basis:100%\">\n<div class=\"wp-block-group\"><div class=\"wp-block-group__inner-container is-layout-flow wp-block-group-is-layout-flow\">\n<p>Per l\u2019archiviazione delle opere di Claudio Olivieri e per il rilascio del certificato di autenticit\u00e0 con rispettivo numero di archiviazione il richiedente dovr\u00e0 seguire la procedura sotto indicata.<\/p>\n\n\n\n<p>Materiale richiesto:<\/p>\n\n\n\n<p>Unitamente al modulo (<a href=\"https:\/\/www.claudioolivieri.com\/claudioolivieri.com\/wrdp\/wp-content\/uploads\/2021\/04\/ArchivioClaudioOlivieri_MODULO_RICHIESTA_ARCHIVIAZIONE.pdf\" rel=\"nofollow\">scarica modulo<\/a>) da compilare in ogni sua parte e alla fotocopia di un documento di identit\u00e0, il richiedente dovr\u00e0 fornire il seguente materiale fotografico di qualit\u00e0 professionale:<\/p>\n<\/div><\/div>\n<\/div>\n<\/div>\n\n\n\n<ul class=\"wp-block-list\">\n<li>2 stampe a colori 18\u00d724 cm del fronte dell\u2019opera, visibile nella sua interezza.<\/li>\n\n\n\n<li>1 stampa a colori 18\u00d724 cm del retro dell\u2019opera<\/li>\n\n\n\n<li>1 stampa a colori 18\u00d724 cm del particolare della firma<\/li>\n\n\n\n<li>stampe a colori 18\u00d724 cm di eventuali iscrizioni, timbri o etichette<\/li>\n<\/ul>\n\n\n\n<p>I file digitali HD del fronte, retro e particolari, formato jpeg o tiff, risoluzione 300 dpi, base 30 cm. Lo scatto digitale del fronte dell\u2019opera deve essere corredato da <em>colorchecker<\/em> (tessera per la calibrazione dei colori).<\/p>\n\n\n\n<p>Il materiale dovr\u00e0 essere spedito a mezzo raccomandata e via mail al seguente indirizzo:<\/p>\n\n\n\n<div class=\"wp-block-group\"><div class=\"wp-block-group__inner-container is-layout-flow wp-block-group-is-layout-flow\">\n<p><strong>Eleonora Olivieri<\/strong><br>Via Andrea Ponti,  15<br>20143 Milano (MI)<a href=\"mailto:archivioclaudiolivieri@gmail.com\"><br><\/a><a href=\"mailto:e.olivieri@claudioolivieri.com\">e.olivieri@claudioolivieri.com<\/a><\/p>\n<\/div><\/div>\n\n\n\n<p>Il rilascio dei certificati di autenticit\u00e0, la verifica delle opere e tutti i servizi e le consulenze richieste all\u2019Archivio Claudio Olivieri sono a pagamento. I costi di archiviazione possono essere richiesti prima della procedura di archiviazione contattando l\u2019archivio all\u2019indirizzo mail <a href=\"mailto:e.olivieri@claudioolivieri.com\">e.olivieri@claudioolivieri.com<\/a> o <a href=\"mailto:a.baldoni@claudioolivieri.com\">a.baldoni@claudioolivieri.com<\/a> .<\/p>\n\n\n\n<p>Al materiale sopra indicato \u00e8 da accludere la ricevuta di avvenuto bonifico.<\/p>\n\n\n\n<p>Le coordinate bancarie di riferimento verranno comunicate al momento della richiesta di archiviazione.<\/p>\n\n\n\n<p>Qualora l\u2019opera risultasse essere gi\u00e0 autenticata dall\u2019artista si proceder\u00e0 ad una verifica e\/o aggiornamento dei dati presenti nell\u2019archivio, con modalit\u00e0 che saranno stabilite a seconda dei vari casi. Se gi\u00e0 provvisti di autentica non vi saranno costi di archiviazione, si richiede comunque l&#8217;invio della documentazione sopra indicata unitamente al modulo di archiviazione accludendo una busta preaffrancata.<\/p>\n\n\n\n<p>In situazioni specifiche o di necessit\u00e0 il richiedente sar\u00e0 invitato a presentare l\u2019opera presso la sede dell\u2019Archivio, a Milano, per un esame diretto.<br>L\u2019opera dovr\u00e0 essere consegnata, dal richiedente o da persona da lui incaricata con delega scritta, priva di cornice o teca e lasciata a disposizione dell\u2019Archivio per il tempo necessario di analisi. Diversamente, per impossibilit\u00e0 di movimentare l\u2019opera, un addetto dell\u2019Archivio si recher\u00e0 in loco a spese del richiedente.<\/p>\n\n\n\n<p>L\u2019Archivio Claudio Olivieri garantisce la massima riservatezza sul trattamento dei dati personali e si impegna a non fornirli a terzi, salvo approvazione degli aventi diritto.<\/p>\n","protected":false},"excerpt":{"rendered":"<p>Per l\u2019archiviazione delle opere di Claudio Olivieri e per il rilascio del certificato di autenticit\u00e0 con rispettivo numero di archiviazione il richiedente dovr\u00e0 seguire la procedura sotto indicata. Materiale richiesto: Unitamente al modulo (scarica modulo) da compilare in ogni sua parte e alla fotocopia di un documento di identit\u00e0, il richiedente dovr\u00e0 fornire il seguente [&hellip;]<\/p>\n","protected":false},"author":2,"featured_media":0,"parent":0,"menu_order":0,"comment_status":"closed","ping_status":"closed","template":"","meta":{"footnotes":""},"class_list":["post-86","page","type-page","status-publish","czr-hentry"],"yoast_head":"<!-- This site is optimized with the Yoast SEO plugin v27.6 - https:\/\/yoast.com\/product\/yoast-seo-wordpress\/ -->\n<title>Come archiviare - Archivio Claudio Olivieri Artista<\/title>\n<meta name=\"description\" content=\"Per l\u2019archiviazione delle opere di Claudio Olivieri e per il rilascio del certificato di autenticit\u00e0 con rispettivo numero di archiviazione il richiedente dovr\u00e0 seguire la procedura sotto indicata.\" \/>\n<meta name=\"robots\" content=\"index, follow, max-snippet:-1, max-image-preview:large, max-video-preview:-1\" \/>\n<link rel=\"canonical\" href=\"https:\/\/www.claudioolivieri.com\/claudioolivieri.com\/wrdp\/come-archiviare\/\" \/>\n<meta property=\"og:locale\" content=\"it_IT\" \/>\n<meta property=\"og:type\" content=\"article\" \/>\n<meta property=\"og:title\" content=\"Come archiviare - Archivio Claudio Olivieri Artista\" \/>\n<meta property=\"og:description\" content=\"Per l\u2019archiviazione delle opere di Claudio Olivieri e per il rilascio del certificato di autenticit\u00e0 con rispettivo numero di archiviazione il richiedente dovr\u00e0 seguire la procedura sotto indicata.\" \/>\n<meta property=\"og:url\" content=\"https:\/\/www.claudioolivieri.com\/claudioolivieri.com\/wrdp\/come-archiviare\/\" \/>\n<meta property=\"article:modified_time\" content=\"2024-10-21T17:16:55+00:00\" \/>\n<meta name=\"twitter:card\" content=\"summary_large_image\" \/>\n<meta name=\"twitter:label1\" content=\"Tempo di lettura stimato\" \/>\n\t<meta name=\"twitter:data1\" content=\"3 minuti\" \/>\n<script type=\"application\/ld+json\" class=\"yoast-schema-graph\">{\"@context\":\"https:\\\/\\\/schema.org\",\"@graph\":[{\"@type\":\"WebPage\",\"@id\":\"https:\\\/\\\/www.claudioolivieri.com\\\/claudioolivieri.com\\\/wrdp\\\/come-archiviare\\\/\",\"url\":\"https:\\\/\\\/www.claudioolivieri.com\\\/claudioolivieri.com\\\/wrdp\\\/come-archiviare\\\/\",\"name\":\"Come archiviare - Archivio Claudio Olivieri Artista\",\"isPartOf\":{\"@id\":\"https:\\\/\\\/www.claudioolivieri.com\\\/claudioolivieri.com\\\/wrdp\\\/#website\"},\"datePublished\":\"2021-03-28T15:52:27+00:00\",\"dateModified\":\"2024-10-21T17:16:55+00:00\",\"description\":\"Per l\u2019archiviazione delle opere di Claudio Olivieri e per il rilascio del certificato di autenticit\u00e0 con rispettivo numero di archiviazione il richiedente dovr\u00e0 seguire la procedura sotto indicata.\",\"breadcrumb\":{\"@id\":\"https:\\\/\\\/www.claudioolivieri.com\\\/claudioolivieri.com\\\/wrdp\\\/come-archiviare\\\/#breadcrumb\"},\"inLanguage\":\"it-IT\",\"potentialAction\":[{\"@type\":\"ReadAction\",\"target\":[\"https:\\\/\\\/www.claudioolivieri.com\\\/claudioolivieri.com\\\/wrdp\\\/come-archiviare\\\/\"]}]},{\"@type\":\"BreadcrumbList\",\"@id\":\"https:\\\/\\\/www.claudioolivieri.com\\\/claudioolivieri.com\\\/wrdp\\\/come-archiviare\\\/#breadcrumb\",\"itemListElement\":[{\"@type\":\"ListItem\",\"position\":1,\"name\":\"Home\",\"item\":\"https:\\\/\\\/www.claudioolivieri.com\\\/claudioolivieri.com\\\/wrdp\\\/\"},{\"@type\":\"ListItem\",\"position\":2,\"name\":\"Come archiviare\"}]},{\"@type\":\"WebSite\",\"@id\":\"https:\\\/\\\/www.claudioolivieri.com\\\/claudioolivieri.com\\\/wrdp\\\/#website\",\"url\":\"https:\\\/\\\/www.claudioolivieri.com\\\/claudioolivieri.com\\\/wrdp\\\/\",\"name\":\"\",\"description\":\"Il sito ufficiale dell&#039;Archivio Opere di Claudio Olivieri\",\"potentialAction\":[{\"@type\":\"SearchAction\",\"target\":{\"@type\":\"EntryPoint\",\"urlTemplate\":\"https:\\\/\\\/www.claudioolivieri.com\\\/claudioolivieri.com\\\/wrdp\\\/?s={search_term_string}\"},\"query-input\":{\"@type\":\"PropertyValueSpecification\",\"valueRequired\":true,\"valueName\":\"search_term_string\"}}],\"inLanguage\":\"it-IT\"}]}<\/script>\n<!-- \/ Yoast SEO plugin. -->","yoast_head_json":{"title":"Come archiviare - Archivio Claudio Olivieri Artista","description":"Per l\u2019archiviazione delle opere di Claudio Olivieri e per il rilascio del certificato di autenticit\u00e0 con rispettivo numero di archiviazione il richiedente dovr\u00e0 seguire la procedura sotto indicata.","robots":{"index":"index","follow":"follow","max-snippet":"max-snippet:-1","max-image-preview":"max-image-preview:large","max-video-preview":"max-video-preview:-1"},"canonical":"https:\/\/www.claudioolivieri.com\/claudioolivieri.com\/wrdp\/come-archiviare\/","og_locale":"it_IT","og_type":"article","og_title":"Come archiviare - Archivio Claudio Olivieri Artista","og_description":"Per l\u2019archiviazione delle opere di Claudio Olivieri e per il rilascio del certificato di autenticit\u00e0 con rispettivo numero di archiviazione il richiedente dovr\u00e0 seguire la procedura sotto indicata.","og_url":"https:\/\/www.claudioolivieri.com\/claudioolivieri.com\/wrdp\/come-archiviare\/","article_modified_time":"2024-10-21T17:16:55+00:00","twitter_card":"summary_large_image","twitter_misc":{"Tempo di lettura stimato":"3 minuti"},"schema":{"@context":"https:\/\/schema.org","@graph":[{"@type":"WebPage","@id":"https:\/\/www.claudioolivieri.com\/claudioolivieri.com\/wrdp\/come-archiviare\/","url":"https:\/\/www.claudioolivieri.com\/claudioolivieri.com\/wrdp\/come-archiviare\/","name":"Come archiviare - Archivio Claudio Olivieri Artista","isPartOf":{"@id":"https:\/\/www.claudioolivieri.com\/claudioolivieri.com\/wrdp\/#website"},"datePublished":"2021-03-28T15:52:27+00:00","dateModified":"2024-10-21T17:16:55+00:00","description":"Per l\u2019archiviazione delle opere di Claudio Olivieri e per il rilascio del certificato di autenticit\u00e0 con rispettivo numero di archiviazione il richiedente dovr\u00e0 seguire la procedura sotto indicata.","breadcrumb":{"@id":"https:\/\/www.claudioolivieri.com\/claudioolivieri.com\/wrdp\/come-archiviare\/#breadcrumb"},"inLanguage":"it-IT","potentialAction":[{"@type":"ReadAction","target":["https:\/\/www.claudioolivieri.com\/claudioolivieri.com\/wrdp\/come-archiviare\/"]}]},{"@type":"BreadcrumbList","@id":"https:\/\/www.claudioolivieri.com\/claudioolivieri.com\/wrdp\/come-archiviare\/#breadcrumb","itemListElement":[{"@type":"ListItem","position":1,"name":"Home","item":"https:\/\/www.claudioolivieri.com\/claudioolivieri.com\/wrdp\/"},{"@type":"ListItem","position":2,"name":"Come archiviare"}]},{"@type":"WebSite","@id":"https:\/\/www.claudioolivieri.com\/claudioolivieri.com\/wrdp\/#website","url":"https:\/\/www.claudioolivieri.com\/claudioolivieri.com\/wrdp\/","name":"","description":"Il sito ufficiale dell&#039;Archivio Opere di Claudio Olivieri","potentialAction":[{"@type":"SearchAction","target":{"@type":"EntryPoint","urlTemplate":"https:\/\/www.claudioolivieri.com\/claudioolivieri.com\/wrdp\/?s={search_term_string}"},"query-input":{"@type":"PropertyValueSpecification","valueRequired":true,"valueName":"search_term_string"}}],"inLanguage":"it-IT"}]}},"jetpack_sharing_enabled":true,"_links":{"self":[{"href":"https:\/\/www.claudioolivieri.com\/claudioolivieri.com\/wrdp\/wp-json\/wp\/v2\/pages\/86","targetHints":{"allow":["GET"]}}],"collection":[{"href":"https:\/\/www.claudioolivieri.com\/claudioolivieri.com\/wrdp\/wp-json\/wp\/v2\/pages"}],"about":[{"href":"https:\/\/www.claudioolivieri.com\/claudioolivieri.com\/wrdp\/wp-json\/wp\/v2\/types\/page"}],"author":[{"embeddable":true,"href":"https:\/\/www.claudioolivieri.com\/claudioolivieri.com\/wrdp\/wp-json\/wp\/v2\/users\/2"}],"replies":[{"embeddable":true,"href":"https:\/\/www.claudioolivieri.com\/claudioolivieri.com\/wrdp\/wp-json\/wp\/v2\/comments?post=86"}],"version-history":[{"count":6,"href":"https:\/\/www.claudioolivieri.com\/claudioolivieri.com\/wrdp\/wp-json\/wp\/v2\/pages\/86\/revisions"}],"predecessor-version":[{"id":534,"href":"https:\/\/www.claudioolivieri.com\/claudioolivieri.com\/wrdp\/wp-json\/wp\/v2\/pages\/86\/revisions\/534"}],"wp:attachment":[{"href":"https:\/\/www.claudioolivieri.com\/claudioolivieri.com\/wrdp\/wp-json\/wp\/v2\/media?parent=86"}],"curies":[{"name":"wp","href":"https:\/\/api.w.org\/{rel}","templated":true}]}}